{"id":17,"date":"2009-04-13T14:54:28","date_gmt":"2009-04-13T21:54:28","guid":{"rendered":"http:\/\/szary.org\/projects\/dobryaniol\/wordpress\/?page_id=17"},"modified":"2009-04-13T14:54:28","modified_gmt":"2009-04-13T21:54:28","slug":"wladze","status":"publish","type":"page","link":"https:\/\/dobryaniol.radom.pl\/?page_id=17","title":{"rendered":"W\u0142adze"},"content":{"rendered":"<p><span style=\"text-decoration: underline;\">Zarz\u0105d Stowarzyszenia:<\/span><\/p>\n<p>1. Marek Szary &#8211; Prezes<br \/>\n2. Marek Kwiatkowski &#8211; V-ce Prezes<br \/>\n3. J\u00f3zef Witczak &#8211; Sekretarz<br \/>\n4. Danuta Zieli\u0144ska &#8211; Skarbnik<br \/>\n5. Adam Koz\u0142owski &#8211; Cz\u0142onek Zarz\u0105du<\/p>\n<p><a href=\"https:\/\/dobryaniol.radom.pl\/wp-content\/uploads\/2009\/04\/Regulaminy-z.jpg\"><img loading=\"lazy\" decoding=\"async\" class=\"alignleft size-full wp-image-162\" title=\"Regulaminy z\" src=\"https:\/\/dobryaniol.radom.pl\/wp-content\/uploads\/2009\/04\/Regulaminy-z.jpg\" alt=\"Regulaminy z\" width=\"629\" height=\"889\" srcset=\"https:\/\/dobryaniol.radom.pl\/wp-content\/uploads\/2009\/04\/Regulaminy-z.jpg 629w, https:\/\/dobryaniol.radom.pl\/wp-content\/uploads\/2009\/04\/Regulaminy-z-212x300.jpg 212w\" sizes=\"auto, (max-width: 629px) 100vw, 629px\" \/><\/a><\/p>\n<p><a href=\"https:\/\/dobryaniol.radom.pl\/wp-content\/uploads\/2009\/04\/Regulaminy.jpg\"><img loading=\"lazy\" decoding=\"async\" class=\"alignleft size-full wp-image-161\" title=\"Regulaminy\" src=\"https:\/\/dobryaniol.radom.pl\/wp-content\/uploads\/2009\/04\/Regulaminy.jpg\" alt=\"Regulaminy\" width=\"629\" height=\"889\" srcset=\"https:\/\/dobryaniol.radom.pl\/wp-content\/uploads\/2009\/04\/Regulaminy.jpg 629w, https:\/\/dobryaniol.radom.pl\/wp-content\/uploads\/2009\/04\/Regulaminy-212x300.jpg 212w\" sizes=\"auto, (max-width: 629px) 100vw, 629px\" \/><\/a><\/p>\n","protected":false},"excerpt":{"rendered":"<p>Zarz\u0105d Stowarzyszenia: 1. Marek Szary &#8211; Prezes 2. Marek Kwiatkowski &#8211; V-ce Prezes 3. J\u00f3zef Witczak &#8211; Sekretarz 4. Danuta Zieli\u0144ska &#8211; Skarbnik 5. Adam Koz\u0142owski &#8211; Cz\u0142onek Zarz\u0105du<\/p>\n","protected":false},"author":2,"featured_media":0,"parent":12,"menu_order":2,"comment_status":"closed","ping_status":"closed","template":"","meta":{"footnotes":""},"class_list":["post-17","page","type-page","status-publish","hentry"],"_links":{"self":[{"href":"https:\/\/dobryaniol.radom.pl\/index.php?rest_route=\/wp\/v2\/pages\/17","targetHints":{"allow":["GET"]}}],"collection":[{"href":"https:\/\/dobryaniol.radom.pl\/index.php?rest_route=\/wp\/v2\/pages"}],"about":[{"href":"https:\/\/dobryaniol.radom.pl\/index.php?rest_route=\/wp\/v2\/types\/page"}],"author":[{"embeddable":true,"href":"https:\/\/dobryaniol.radom.pl\/index.php?rest_route=\/wp\/v2\/users\/2"}],"replies":[{"embeddable":true,"href":"https:\/\/dobryaniol.radom.pl\/index.php?rest_route=%2Fwp%2Fv2%2Fcomments&post=17"}],"version-history":[{"count":0,"href":"https:\/\/dobryaniol.radom.pl\/index.php?rest_route=\/wp\/v2\/pages\/17\/revisions"}],"up":[{"embeddable":true,"href":"https:\/\/dobryaniol.radom.pl\/index.php?rest_route=\/wp\/v2\/pages\/12"}],"wp:attachment":[{"href":"https:\/\/dobryaniol.radom.pl\/index.php?rest_route=%2Fwp%2Fv2%2Fmedia&parent=17"}],"curies":[{"name":"wp","href":"https:\/\/api.w.org\/{rel}","templated":true}]}}